{"id":2563,"date":"2024-02-05T13:09:15","date_gmt":"2024-02-05T12:09:15","guid":{"rendered":"https:\/\/www.musicexport.sk\/sk\/?page_id=2563"},"modified":"2024-07-04T18:13:38","modified_gmt":"2024-07-04T16:13:38","slug":"glossary","status":"publish","type":"page","link":"https:\/\/www.musicexport.sk\/sk\/glossary\/","title":{"rendered":"LALA Explain"},"content":{"rendered":"<p>LALA Explain je s\u00e9ria nahr\u00e1vok, kde vysvet\u013eujeme \u010dasto pou\u017e\u00edvan\u00e9 v\u00fdrazy a pojmy z oblasti hudby a hudobnej produkcie. V r\u00e1mci lep\u0161ej a efekt\u00edvnej\u0161ej orient\u00e1cie v\u00e1m prin\u00e1\u0161ame ich vysvetlenia.<\/p>\n<p>\nBackstage<br \/>\n<!--[if lt IE 9]><script>document.createElement('audio');<\/script><![endif]-->\n<audio class=\"wp-audio-shortcode\" id=\"audio-2563-1\" preload=\"none\" style=\"width: 100%;\" controls=\"controls\"><source type=\"audio\/mpeg\" src=\"https:\/\/www.musicexport.sk\/sk\/wp-content\/uploads\/2024\/07\/Backstage.m4a?_=1\" \/><a href=\"https:\/\/www.musicexport.sk\/sk\/wp-content\/uploads\/2024\/07\/Backstage.m4a\">https:\/\/www.musicexport.sk\/sk\/wp-content\/uploads\/2024\/07\/Backstage.m4a<\/a><\/audio><br \/>\nShowcaseove festivaly<br \/>\n<audio class=\"wp-audio-shortcode\" id=\"audio-2563-2\" preload=\"none\" style=\"width: 100%;\" controls=\"controls\"><source type=\"audio\/mpeg\" src=\"https:\/\/www.musicexport.sk\/sk\/wp-content\/uploads\/2024\/07\/Showcaseove-festivaly.m4a?_=2\" \/><a href=\"https:\/\/www.musicexport.sk\/sk\/wp-content\/uploads\/2024\/07\/Showcaseove-festivaly.m4a\">https:\/\/www.musicexport.sk\/sk\/wp-content\/uploads\/2024\/07\/Showcaseove-festivaly.m4a<\/a><\/audio><br \/>\nLive Europe<br \/>\n<audio class=\"wp-audio-shortcode\" id=\"audio-2563-3\" preload=\"none\" style=\"width: 100%;\" controls=\"controls\"><source type=\"audio\/mpeg\" src=\"https:\/\/www.musicexport.sk\/sk\/wp-content\/uploads\/2024\/07\/LiVe-Europe.m4a?_=3\" \/><a href=\"https:\/\/www.musicexport.sk\/sk\/wp-content\/uploads\/2024\/07\/LiVe-Europe.m4a\">https:\/\/www.musicexport.sk\/sk\/wp-content\/uploads\/2024\/07\/LiVe-Europe.m4a<\/a><\/audio><br \/>\nNivtec<br \/>\n<audio class=\"wp-audio-shortcode\" id=\"audio-2563-4\" preload=\"none\" style=\"width: 100%;\" controls=\"controls\"><source type=\"audio\/mpeg\" src=\"https:\/\/www.musicexport.sk\/sk\/wp-content\/uploads\/2024\/07\/Nivtec.m4a?_=4\" \/><a href=\"https:\/\/www.musicexport.sk\/sk\/wp-content\/uploads\/2024\/07\/Nivtec.m4a\">https:\/\/www.musicexport.sk\/sk\/wp-content\/uploads\/2024\/07\/Nivtec.m4a<\/a><\/audio><br \/>\n+++<br \/>\n<audio class=\"wp-audio-shortcode\" id=\"audio-2563-5\" preload=\"none\" style=\"width: 100%;\" controls=\"controls\"><source type=\"audio\/mpeg\" src=\"https:\/\/www.musicexport.sk\/sk\/wp-content\/uploads\/2024\/07\/plusplusplus.m4a?_=5\" \/><a href=\"https:\/\/www.musicexport.sk\/sk\/wp-content\/uploads\/2024\/07\/plusplusplus.m4a\">https:\/\/www.musicexport.sk\/sk\/wp-content\/uploads\/2024\/07\/plusplusplus.m4a<\/a><\/audio><br \/>\nCurfew<br \/>\n<audio class=\"wp-audio-shortcode\" id=\"audio-2563-6\" preload=\"none\" style=\"width: 100%;\" controls=\"controls\"><source type=\"audio\/mpeg\" src=\"https:\/\/www.musicexport.sk\/sk\/wp-content\/uploads\/2024\/07\/Curfew.m4a?_=6\" \/><a href=\"https:\/\/www.musicexport.sk\/sk\/wp-content\/uploads\/2024\/07\/Curfew.m4a\">https:\/\/www.musicexport.sk\/sk\/wp-content\/uploads\/2024\/07\/Curfew.m4a<\/a><\/audio><br \/>\nPublisher<br \/>\n<audio class=\"wp-audio-shortcode\" id=\"audio-2563-7\" preload=\"none\" style=\"width: 100%;\" controls=\"controls\"><source type=\"audio\/mpeg\" src=\"https:\/\/www.musicexport.sk\/sk\/wp-content\/uploads\/2024\/07\/Publisher.m4a?_=7\" \/><a href=\"https:\/\/www.musicexport.sk\/sk\/wp-content\/uploads\/2024\/07\/Publisher.m4a\">https:\/\/www.musicexport.sk\/sk\/wp-content\/uploads\/2024\/07\/Publisher.m4a<\/a><\/audio><br \/>\nFOH<br \/>\n<audio class=\"wp-audio-shortcode\" id=\"audio-2563-8\" preload=\"none\" style=\"width: 100%;\" controls=\"controls\"><source type=\"audio\/mpeg\" src=\"https:\/\/www.musicexport.sk\/sk\/wp-content\/uploads\/2024\/07\/FOH.m4a?_=8\" \/><a href=\"https:\/\/www.musicexport.sk\/sk\/wp-content\/uploads\/2024\/07\/FOH.m4a\">https:\/\/www.musicexport.sk\/sk\/wp-content\/uploads\/2024\/07\/FOH.m4a<\/a><\/audio><br \/>\nRizer<br \/>\n<audio class=\"wp-audio-shortcode\" id=\"audio-2563-9\" preload=\"none\" style=\"width: 100%;\" controls=\"controls\"><source type=\"audio\/mpeg\" src=\"https:\/\/www.musicexport.sk\/sk\/wp-content\/uploads\/2024\/07\/Rizer.m4a?_=9\" \/><a href=\"https:\/\/www.musicexport.sk\/sk\/wp-content\/uploads\/2024\/07\/Rizer.m4a\">https:\/\/www.musicexport.sk\/sk\/wp-content\/uploads\/2024\/07\/Rizer.m4a<\/a><\/audio><br \/>\nStageplan<br \/>\n<audio class=\"wp-audio-shortcode\" id=\"audio-2563-10\" preload=\"none\" style=\"width: 100%;\" controls=\"controls\"><source type=\"audio\/mpeg\" src=\"https:\/\/www.musicexport.sk\/sk\/wp-content\/uploads\/2024\/07\/Stageplan.m4a?_=10\" \/><a href=\"https:\/\/www.musicexport.sk\/sk\/wp-content\/uploads\/2024\/07\/Stageplan.m4a\">https:\/\/www.musicexport.sk\/sk\/wp-content\/uploads\/2024\/07\/Stageplan.m4a<\/a><\/audio><br \/>\nVAT<br \/>\n<audio class=\"wp-audio-shortcode\" id=\"audio-2563-11\" preload=\"none\" style=\"width: 100%;\" controls=\"controls\"><source type=\"audio\/mpeg\" src=\"https:\/\/www.musicexport.sk\/sk\/wp-content\/uploads\/2024\/07\/VAT.m4a?_=11\" \/><a href=\"https:\/\/www.musicexport.sk\/sk\/wp-content\/uploads\/2024\/07\/VAT.m4a\">https:\/\/www.musicexport.sk\/sk\/wp-content\/uploads\/2024\/07\/VAT.m4a<\/a><\/audio><br \/>\nDoor deal<br \/>\n<audio class=\"wp-audio-shortcode\" id=\"audio-2563-12\" preload=\"none\" style=\"width: 100%;\" controls=\"controls\"><source type=\"audio\/mpeg\" src=\"https:\/\/www.musicexport.sk\/sk\/wp-content\/uploads\/2024\/07\/Door-deal.m4a?_=12\" \/><a href=\"https:\/\/www.musicexport.sk\/sk\/wp-content\/uploads\/2024\/07\/Door-deal.m4a\">https:\/\/www.musicexport.sk\/sk\/wp-content\/uploads\/2024\/07\/Door-deal.m4a<\/a><\/audio><\/p>\n<p>\nTento projekt z verejn\u00fdch zdrojov podporil Fond na podporu umenia.<\/p>\n","protected":false},"excerpt":{"rendered":"<p>LALA Explain je s\u00e9ria nahr\u00e1vok, kde vysvet\u013eujeme \u010dasto pou\u017e\u00edvan\u00e9 v\u00fdrazy a pojmy z oblasti hudby a hudobnej produkcie. V r\u00e1mci lep\u0161ej a efekt\u00edvnej\u0161ej orient\u00e1cie v\u00e1m prin\u00e1\u0161ame ich vysvetlenia. Backstage Showcaseove festivaly Live Europe Nivtec +++ Curfew Publisher FOH Rizer Stageplan VAT Door deal Tento projekt z verejn\u00fdch zdrojov podporil Fond na podporu umenia.<\/p>\n","protected":false},"author":1,"featured_media":0,"parent":0,"menu_order":0,"comment_status":"closed","ping_status":"closed","template":"page_tmpl-article.php","meta":[],"acf":{"left_column":"","background_img":false,"tile_format":"W N,N N N,N W"},"_links":{"self":[{"href":"https:\/\/www.musicexport.sk\/sk\/wp-json\/wp\/v2\/pages\/2563"}],"collection":[{"href":"https:\/\/www.musicexport.sk\/sk\/wp-json\/wp\/v2\/pages"}],"about":[{"href":"https:\/\/www.musicexport.sk\/sk\/wp-json\/wp\/v2\/types\/page"}],"author":[{"embeddable":true,"href":"https:\/\/www.musicexport.sk\/sk\/wp-json\/wp\/v2\/users\/1"}],"replies":[{"embeddable":true,"href":"https:\/\/www.musicexport.sk\/sk\/wp-json\/wp\/v2\/comments?post=2563"}],"version-history":[{"count":7,"href":"https:\/\/www.musicexport.sk\/sk\/wp-json\/wp\/v2\/pages\/2563\/revisions"}],"predecessor-version":[{"id":2585,"href":"https:\/\/www.musicexport.sk\/sk\/wp-json\/wp\/v2\/pages\/2563\/revisions\/2585"}],"wp:attachment":[{"href":"https:\/\/www.musicexport.sk\/sk\/wp-json\/wp\/v2\/media?parent=2563"}],"curies":[{"name":"wp","href":"https:\/\/api.w.org\/{rel}","templated":true}]}}